{"id":798,"date":"2024-07-19T22:45:40","date_gmt":"2024-07-19T20:45:40","guid":{"rendered":"https:\/\/btalentstar.com\/ar\/?page_id=798"},"modified":"2024-07-22T18:39:39","modified_gmt":"2024-07-22T16:39:39","slug":"politica-de-privacidad","status":"publish","type":"page","link":"https:\/\/btalentstar.com\/ar\/politica-de-privacidad\/","title":{"rendered":"Btalentstar | Pol\u00edtica de Privacidad"},"content":{"rendered":"\t\t<div data-elementor-type=\"wp-page\" data-elementor-id=\"798\" class=\"elementor elementor-798\" data-elementor-post-type=\"page\">\n\t\t\t\t<div class=\"elementor-element elementor-element-63a3f8e6 e-flex e-con-boxed e-con e-parent\" data-id=\"63a3f8e6\" data-element_type=\"container\">\n\t\t\t\t\t<div class=\"e-con-inner\">\n\t\t\t\t<div class=\"elementor-element elementor-element-da6dc2c elementor-widget elementor-widget-heading\" data-id=\"da6dc2c\" data-element_type=\"widget\" data-widget_type=\"heading.default\">\n\t\t\t\t<div class=\"elementor-widget-container\">\n\t\t\t\t\t<h2 class=\"elementor-heading-title elementor-size-default\">POL\u00cdTICA DE PRIVACIDAD SITIO WEB BTALENTSTAR.COM<\/h2>\t\t\t\t<\/div>\n\t\t\t\t<\/div>\n\t\t\t\t<div class=\"elementor-element elementor-element-c471a2a elementor-widget elementor-widget-text-editor\" data-id=\"c471a2a\" data-element_type=\"widget\" data-widget_type=\"text-editor.default\">\n\t\t\t\t<div class=\"elementor-widget-container\">\n\t\t\t\t\t\t\t\t\t<p>Por favor lea atentamente la siguiente Pol\u00edtica de Privacidad relativa al uso del sitio de <br \/>www.btalenstar.com, antes de usarla.<\/p>\t\t\t\t\t\t\t\t<\/div>\n\t\t\t\t<\/div>\n\t\t\t\t<div class=\"elementor-element elementor-element-e20f131 elementor-widget__width-inherit elementor-widget elementor-widget-text-editor\" data-id=\"e20f131\" data-element_type=\"widget\" data-widget_type=\"text-editor.default\">\n\t\t\t\t<div class=\"elementor-widget-container\">\n\t\t\t\t\t\t\t\t\tLa presente Pol\u00edtica de Privacidad regula el tratamiento de los Datos Personales del Usuario del \nsitio web, independientemente de su ubicaci\u00f3n. Adem\u00e1s, se aplican las normas adicionales o \ndiferentes indicadas en la cl\u00e1usula 7. Esta Pol\u00edtica de Privacidad se aplica \u00fanicamente al \ntratamiento de Datos Personales a trav\u00e9s del sitio web, y no se aplica a otros sitios web a los que \nse puede acceder por medio de enlaces desde la web. \nEl responsable del tratamiento de Datos Personales es: \nBsports USA LLC para Usuarios de Estados Unidos y M\u00e9xico, EIN 88- 3623514, ubicado en 3411 \nSILVERSIDE ROAD TATNALL BUILDING # 104 WILMINGTON, DE 19810. El Usuario \npuede contactar a Bsports USA LLC, escribiendo un correo electr\u00f3nico a contacto@bsports.cl\nBsports SpA, Rol \u00danico Tributario N\u00ba 76.852.547-1, ubicado en La Capitan\u00eda N\u00b0 662, comuna de \nLas Condes, Santiago, para Usuarios de otros Paises de Sudamerica. El Usuario puede contactar a \nBsports SpA, escribiendo un correo electr\u00f3nico a contacto@bsports.cl. \nLos menores de edad u otras personas sin capacidad legal para contratar s\u00f3lo pueden utilizar la \nWeb si sus representantes legales han dado su consentimiento para ello y para el tratamiento de \nDatos Personales descrito en esta Pol\u00edtica de Privacidad. Por medio del consentimiento al \ntratamiento de Datos Personales descrito en la presente Pol\u00edtica de Privacidad, se entiende que el \nUsuario la ha le\u00eddo y aceptado, en todas sus partes. En caso contrario, el Usuario deber\u00e1 abstenerse \nde usar la Web. \nSin perjuicio de lo anterior, algunos servicios y\/o promociones que se ofrecen en el Web pueden \nestar sujetos a pol\u00edticas o cl\u00e1usulas de privacidad adicionales. En ese caso, si el Usuario haga uso \nde dichos servicios y\/o participare en dichas promociones, aplicar\u00e1, adem\u00e1s, la referida pol\u00edtica o \ncl\u00e1usula de privacidad adicional, cuya aceptaci\u00f3n deber\u00e1 ser confirmada por el Usuario por \nseparado.\n\t\t\t\t\t\t\t\t<\/div>\n\t\t\t\t<\/div>\n\t\t<div class=\"elementor-element elementor-element-50815d6 e-con-full e-flex e-con e-child\" data-id=\"50815d6\" data-element_type=\"container\">\n\t\t\t\t<div class=\"elementor-element elementor-element-6bb02ae elementor-widget elementor-widget-heading\" data-id=\"6bb02ae\" data-element_type=\"widget\" data-widget_type=\"heading.default\">\n\t\t\t\t<div class=\"elementor-widget-container\">\n\t\t\t\t\t<h2 class=\"elementor-heading-title elementor-size-default\">1. DEFINICIONES<\/h2>\t\t\t\t<\/div>\n\t\t\t\t<\/div>\n\t\t\t\t<div class=\"elementor-element elementor-element-be235fe elementor-widget elementor-widget-text-editor\" data-id=\"be235fe\" data-element_type=\"widget\" data-widget_type=\"text-editor.default\">\n\t\t\t\t<div class=\"elementor-widget-container\">\n\t\t\t\t\t\t\t\t\tLos siguientes t\u00e9rminos tienen el significado que se les asigna a continuaci\u00f3n, o el que se les asigne \nexpresamente en otra parte de esta Pol\u00edtica de Privacidad. Todos los t\u00e9rminos en singular incluyen \nel plural y viceversa.\n2\nWeb significa el sitio web \u201cwww.Btalentstar.com&#8221; que puede ingresar por medio de su URL.\nBSports significa el responsable del tratamiento de Datos Personales, como se especifica en el \npre\u00e1mbulo .\nClub profesional de f\u00fatbol significa un club de f\u00fatbol que coopera con Bsports y est\u00e1 registrado \nen la App Btalentstar.\nCuenta significa la cuenta de un Usuario en la web.\nDato(s) Personal(es) significa toda informaci\u00f3n relativa al Usuario, incluyendo su nombre, correo \nelectr\u00f3nico, n\u00famero de c\u00e9dula de identidad, y otros datos que sean relativos a cualquier \ninformaci\u00f3n concerniente a personas naturales, identificadas o identificables.\nPol\u00edtica de Privacidad significa las presentes normas relativas al tratamiento de Datos Personales \ndel Usuario de la web por parte de BSports.\nTratamiento de Datos Personales es cualquier operaci\u00f3n que permita recolectar, almacenar, \ngrabar, organizar, elaborar, seleccionar, extraer, confrontar, interconectar, disociar, comunicar, \nceder, transferir, transmitir o cancelar Datos Personales, o utilizarlos en cualquier otra forma.\nUsuario significa toda persona que use la web, representado por su representante legal, en su caso. \t\t\t\t\t\t\t\t<\/div>\n\t\t\t\t<\/div>\n\t\t\t\t<\/div>\n\t\t<div class=\"elementor-element elementor-element-22d25de e-con-full e-flex e-con e-child\" data-id=\"22d25de\" data-element_type=\"container\">\n\t\t\t\t<div class=\"elementor-element elementor-element-aeef1ff elementor-widget elementor-widget-heading\" data-id=\"aeef1ff\" data-element_type=\"widget\" data-widget_type=\"heading.default\">\n\t\t\t\t<div class=\"elementor-widget-container\">\n\t\t\t\t\t<h2 class=\"elementor-heading-title elementor-size-default\">2. DATOS PERSONALES TRATADOS Y PROP\u00d3SITO DE TRATAMIENTO\n<\/h2>\t\t\t\t<\/div>\n\t\t\t\t<\/div>\n\t\t\t\t<div class=\"elementor-element elementor-element-a3f5325 elementor-widget elementor-widget-text-editor\" data-id=\"a3f5325\" data-element_type=\"widget\" data-widget_type=\"text-editor.default\">\n\t\t\t\t<div class=\"elementor-widget-container\">\n\t\t\t\t\t\t\t\t\ta. Datos t\u00e9cnicos\nCada vez que se abre y utiliza la web, los servidores donde se aloja la misma almacenan \ntemporalmente datos t\u00e9cnicos del dispositivo del Usuario, con el fin de poder mostrar los \ncontenidos de la web. Estos datos pueden incluir la direcci\u00f3n IP del equipo usado, la fecha y hora \nde la visita, la cantidad de datos transferidos, el identificador individual del dispositivo y datos \nsobre su configuraci\u00f3n, como la resoluci\u00f3n de pantalla, y el tipo de navegador utilizado o el sistema \noperativo del dispositivo usado, y pueden incluir Datos Personales. Este tratamiento de datos se \nrealiza de forma autom\u00e1tica para garantizar el correcto funcionamiento y visualizaci\u00f3n de la web.\nb. Datos obtenidos al crear una Cuenta\n3\nCuando el Usuario crea una Cuenta a trav\u00e9s del sitio web, se tratan los datos de contacto del \nUsuario (esto es, nombre, direcci\u00f3n, n\u00famero de tel\u00e9fono, correo electr\u00f3nico, incluido los datos de \ncontacto del representante legal del Usuario menor de edad, en su caso), su fecha de nacimiento, \nsexo, el pa\u00eds de residencia y la(s) nacionalidad(es) del Usuario y su experiencia como jugador en \nclubes de f\u00fatbol, incluido la informaci\u00f3n si el Usuario es o fue miembro de una categor\u00eda juvenil \nde alg\u00fan club de futbol, la categor\u00eda juvenil, posici\u00f3n en la cancha y pie h\u00e1bil, peso y estatura en \npies, y la contrase\u00f1a, para permitir el registro y la administraci\u00f3n de la Cuenta y transferir estos \ndatos a los Clubes profesionales de f\u00fatbol, una vez finalizado el proceso de postulaci\u00f3n a trav\u00e9s de \nla app Btalentstar.. \nEn caso de una devoluci\u00f3n de un pago que no se efect\u00fae por el mismo m\u00e9todo utilizado \noriginalmente en la web, Btalentstar podr\u00e1 procesar los datos de pago del Usuario para realizar la \ndevoluci\u00f3n.\nc. Datos tratados al recibir newsletters y contactar Btalentstar\nBtalentstar utiliza los datos de contacto del Usuario para mandarle informaciones sobre sus \nservicios y otras comunicaciones, con el fin de proporcionarle informaci\u00f3n que pueda ser de su \ninter\u00e9s. En todo caso, el Usuario puede solicitar no seguir siendo contactado para estos fines, \nsiguiendo las instrucciones especificadas en cada comunicaci\u00f3n promocional.\nSi el Usuario se pone en contacto con Btalentstar, los Datos Personales que proporciona ser\u00e1n \ntratados por Btalentstar con el fin de tratar la consulta y para futuras preguntas relacionadas.\nd. Cookies y tecnolog\u00edas similares\nA fin de optimizar la experiencia del Usuario, la web usa cookies. Las cookies son peque\u00f1os \narchivos de texto cifrados que se alojan en los directorios de un navegador. Las cookies recogen \ninformaci\u00f3n y detalles t\u00e9cnicos sobre la navegaci\u00f3n (por ejemplo las p\u00e1ginas visitadas, elecciones \nde men\u00fa, informaci\u00f3n espec\u00edfica que es introducida en formularios).\nLa Web utiliza cookies funcionales, que son imprescindibles para hacer posible el uso pr\u00e1ctico de \nla Web, por ejemplo, para evitar que el Usuario tenga que introducir de nuevo sus configuraciones \no datos cada vez que cambia entre distintas p\u00e1ginas de la web. Adicionalmente la web utiliza \ncookies para el an\u00e1lisis y el marketing. Las cookies de an\u00e1lisis permiten analizar el uso de la web, \nmejorarla continuamente y facilitar su uso. Las cookies de marketing permiten mostrar al Usuario \npublicidad ajustada a sus intereses.\t\t\t\t\t\t\t\t<\/div>\n\t\t\t\t<\/div>\n\t\t\t\t<\/div>\n\t\t<div class=\"elementor-element elementor-element-29d28e7 e-con-full e-flex e-con e-child\" data-id=\"29d28e7\" data-element_type=\"container\">\n\t\t\t\t<div class=\"elementor-element elementor-element-c08f424 elementor-widget elementor-widget-heading\" data-id=\"c08f424\" data-element_type=\"widget\" data-widget_type=\"heading.default\">\n\t\t\t\t<div class=\"elementor-widget-container\">\n\t\t\t\t\t<h2 class=\"elementor-heading-title elementor-size-default\">3. TRANSFERENCIA DE DATOS PERSONALES\n<\/h2>\t\t\t\t<\/div>\n\t\t\t\t<\/div>\n\t\t\t\t<div class=\"elementor-element elementor-element-59d9c0b elementor-widget elementor-widget-text-editor\" data-id=\"59d9c0b\" data-element_type=\"widget\" data-widget_type=\"text-editor.default\">\n\t\t\t\t<div class=\"elementor-widget-container\">\n\t\t\t\t\t\t\t\t\tBtalentstar concede acceso a los Clubes profesionales de f\u00fatbol a los Datos Personales contenidos \nen la Cuenta del Usuario y a los v\u00eddeos que el Usuario guarde en la App, a excepci\u00f3n de su \ncontrase\u00f1a,; los Clubes profesionales de f\u00fatbol tratan estos datos para tomar una decisi\u00f3n de \nselecci\u00f3n o liberaci\u00f3n respecto al Usuario bajo su propia responsabilidad. \nBtalentstar puede transferir los Datos Personales del Usuario a terceros, por ejemplo proveedores \nde almacenamiento de la App y software, proveedores de servicios de TI, u otros. Las cookies \nusadas por la web pueden enviar datos a sus respectivos proveedores dentro y fuera de Chile. \nBtalentstar tambi\u00e9n puede transferir los Datos Personales del Usuario a entidades continuadoras \ndel giro de BSports, en caso de fusi\u00f3n, adquisici\u00f3n, venta, u otro cambio de control de \u00e9sta.\nEn el caso de una solicitud de una autoridad o tribunal competente, BSports puede revelar los \nDatos Personales del Usuario a dicha autoridad o tribunal.\t\t\t\t\t\t\t\t<\/div>\n\t\t\t\t<\/div>\n\t\t\t\t<\/div>\n\t\t<div class=\"elementor-element elementor-element-8372403 e-con-full e-flex e-con e-child\" data-id=\"8372403\" data-element_type=\"container\">\n\t\t\t\t<div class=\"elementor-element elementor-element-0ebab96 elementor-widget elementor-widget-heading\" data-id=\"0ebab96\" data-element_type=\"widget\" data-widget_type=\"heading.default\">\n\t\t\t\t<div class=\"elementor-widget-container\">\n\t\t\t\t\t<h2 class=\"elementor-heading-title elementor-size-default\">4. DERECHOS DEL USUARIO<\/h2>\t\t\t\t<\/div>\n\t\t\t\t<\/div>\n\t\t\t\t<div class=\"elementor-element elementor-element-c67c5c9 elementor-widget elementor-widget-text-editor\" data-id=\"c67c5c9\" data-element_type=\"widget\" data-widget_type=\"text-editor.default\">\n\t\t\t\t<div class=\"elementor-widget-container\">\n\t\t\t\t\t\t\t\t\tLos Usuarios tienen ciertos derechos con respecto a sus Datos Personales. \u00c9stos dependen de los \npa\u00edses en los que viven los respectivos Usuarios o de las leyes de protecci\u00f3n de datos aplicables, \ny se describen en las secciones de los respectivos pa\u00edses en la secci\u00f3n 7.\t\t\t\t\t\t\t\t<\/div>\n\t\t\t\t<\/div>\n\t\t\t\t<\/div>\n\t\t<div class=\"elementor-element elementor-element-7b67bbd e-con-full e-flex e-con e-child\" data-id=\"7b67bbd\" data-element_type=\"container\">\n\t\t\t\t<div class=\"elementor-element elementor-element-00ff18e elementor-widget elementor-widget-heading\" data-id=\"00ff18e\" data-element_type=\"widget\" data-widget_type=\"heading.default\">\n\t\t\t\t<div class=\"elementor-widget-container\">\n\t\t\t\t\t<h2 class=\"elementor-heading-title elementor-size-default\">5. PLAZO DE CONSERVACI\u00d3N DE DATOS\n<\/h2>\t\t\t\t<\/div>\n\t\t\t\t<\/div>\n\t\t\t\t<div class=\"elementor-element elementor-element-9baf35c elementor-widget elementor-widget-text-editor\" data-id=\"9baf35c\" data-element_type=\"widget\" data-widget_type=\"text-editor.default\">\n\t\t\t\t<div class=\"elementor-widget-container\">\n\t\t\t\t\t\t\t\t\tLos Datos Personales se eliminar\u00e1n en tanto dejen de ser necesarios para alcanzar el fin para el \nque se recogieron, particularmente si el Usuario elimina su Cuenta, y ya no existen plazos de \nconservaci\u00f3n legales u otros motivos legales para su conservaci\u00f3n.\t\t\t\t\t\t\t\t<\/div>\n\t\t\t\t<\/div>\n\t\t\t\t<\/div>\n\t\t<div class=\"elementor-element elementor-element-574dfc9 e-con-full e-flex e-con e-child\" data-id=\"574dfc9\" data-element_type=\"container\">\n\t\t\t\t<div class=\"elementor-element elementor-element-008bafe elementor-widget elementor-widget-heading\" data-id=\"008bafe\" data-element_type=\"widget\" data-widget_type=\"heading.default\">\n\t\t\t\t<div class=\"elementor-widget-container\">\n\t\t\t\t\t<h2 class=\"elementor-heading-title elementor-size-default\">6. MODIFICACIONES Y CONTACTO<\/h2>\t\t\t\t<\/div>\n\t\t\t\t<\/div>\n\t\t\t\t<div class=\"elementor-element elementor-element-bbc6ebd elementor-widget elementor-widget-text-editor\" data-id=\"bbc6ebd\" data-element_type=\"widget\" data-widget_type=\"text-editor.default\">\n\t\t\t\t<div class=\"elementor-widget-container\">\n\t\t\t\t\t\t\t\t\tCualquier modificaci\u00f3n a la presente Pol\u00edtica de Privacidad ser\u00e1 oportunamente notificada al \nUsuario. Para poder seguir utilizando la App con posterioridad a tales modificaciones, el Usuario \npodr\u00e1 revisar las modificaciones y deber\u00e1 manifestar su consentimiento con los tratamientos de \nDatos Personales descritas en la Pol\u00edtica de Privacidad modificada. \nSi el Usuario desea hacer valer sus derechos como se ha explicado anteriormente o tiene alguna \npregunta, el Usuario puede comunicarse con Btalentstar a trav\u00e9s de los datos de contacto que \nfiguran al principio de este documento.\t\t\t\t\t\t\t\t<\/div>\n\t\t\t\t<\/div>\n\t\t\t\t<\/div>\n\t\t<div class=\"elementor-element elementor-element-f3fc0c5 e-con-full e-flex e-con e-child\" data-id=\"f3fc0c5\" data-element_type=\"container\">\n\t\t\t\t<div class=\"elementor-element elementor-element-e92ac6f elementor-widget elementor-widget-heading\" data-id=\"e92ac6f\" data-element_type=\"widget\" data-widget_type=\"heading.default\">\n\t\t\t\t<div class=\"elementor-widget-container\">\n\t\t\t\t\t<h2 class=\"elementor-heading-title elementor-size-default\">7. NORMAS ADICIONALES O DIFERENTES PARA DETERMINADOS PA\u00cdSES<\/h2>\t\t\t\t<\/div>\n\t\t\t\t<\/div>\n\t\t\t\t<div class=\"elementor-element elementor-element-9e0a2b0 elementor-widget elementor-widget-text-editor\" data-id=\"9e0a2b0\" data-element_type=\"widget\" data-widget_type=\"text-editor.default\">\n\t\t\t\t<div class=\"elementor-widget-container\">\n\t\t\t\t\t\t\t\t\ta. Chile\n(1) Para evitar fraude, se comprobar\u00e1 la validez del RUT del Usuario o de su representante legal, \nseg\u00fan corresponda.\n(2) El Usuario tiene derecho \ni) a exigir informaci\u00f3n sobre el tratamiento de sus Datos Personales;\nii) a exigir que se modifiquen Datos Personales incorrectos o incompletos;\niii) a exigir que se eliminen sus Datos Personales, cuando su almacenamiento carezca de \nfundamento legal o cuando estuvieren caducos;\niv) a exigir que se eliminen o bloqueen sus Datos Personales, en su caso, cuando los haya \nproporcionado voluntariamente o se usen para comunicaciones comerciales y no desee \ncontinuar figurando en el registro respectivo, sea de modo definitivo o temporal;\nv) a oponerse a la utilizaci\u00f3n de sus Datos Personales con fines de publicidad, investigaci\u00f3n \nde mercado o encuestas de opini\u00f3n;\nvi) a revocar su consentimiento para el tratamiento de sus Datos Personales en todo momento \ncon efecto para el futuro; en este caso, el uso posterior de la App no es posible.\nb. Argentina\n(1) Para evitar fraude, se comprobar\u00e1 la validez del DNI del Usuario o de su representante legal, \nseg\u00fan corresponda.\n(2) El Usuario tiene derecho \ni) a exigir informaci\u00f3n sobre el tratamiento de sus Datos Personales;\nii) a exigir que se modifiquen Datos Personales incorrectos o incompletos;\niii) a exigir que se eliminen sus Datos Personales, cuando su almacenamiento carezca de \nfundamento legal o cuando estuvieren caducos;\niv) a exigir que se eliminen o bloqueen sus Datos Personales, en su caso, cuando los haya \nproporcionado voluntariamente o se usen para comunicaciones comerciales y no desee \ncontinuar figurando en el registro respectivo, sea de modo definitivo o temporal;\nv) a oponerse a la utilizaci\u00f3n de sus Datos Personales con fines de publicidad, investigaci\u00f3n \nde mercado o encuestas de opini\u00f3n;\nvi) a revocar su consentimiento para el tratamiento de sus Datos Personales en todo \nmomento con efecto para el futuro; en este caso, el uso posterior de la App no es posible\n6\nc. Colombia\n(1) Para evitar fraude, se comprobar\u00e1 la validez de la c\u00e9dula de ciudadan\u00eda o CC del Usuario o de \nsu representante legal, seg\u00fan corresponda.\n(2) El Usuario tiene derecho \ni) a exigir informaci\u00f3n sobre el tratamiento de sus Datos Personales;\nii) a exigir que se modifiquen Datos Personales incorrectos o incompletos;\niii) a exigir que se eliminen sus Datos Personales, cuando su almacenamiento carezca de \nfundamento legal o cuando estuvieren caducos;\niv) a exigir que se eliminen o bloqueen sus Datos Personales, en su caso, cuando los haya \nproporcionado voluntariamente o se usen para comunicaciones comerciales y no desee \ncontinuar figurando en el registro respectivo, sea de modo definitivo o temporal;\nv) a oponerse a la utilizaci\u00f3n de sus Datos Personales con fines de publicidad, investigaci\u00f3n \nde mercado o encuestas de opini\u00f3n;\nvi) a revocar su consentimiento para el tratamiento de sus Datos Personales en todo \nmomento con efecto para el futuro; en este caso, el uso posterior de la App no es posible.\n d) Per\u00fa\n(1) Para evitar fraude, se comprobar\u00e1 la validez del DNI del Usuario o de su representante legal, \nseg\u00fan corresponda.\n(2) El Usuario tiene derecho \ni) a exigir informaci\u00f3n sobre el tratamiento de sus Datos Personales;\nii) a exigir que se modifiquen Datos Personales incorrectos o incompletos;\niii) a exigir que se eliminen sus Datos Personales, cuando su almacenamiento carezca de \nfundamento legal o cuando estuvieren caducos;\niv) a exigir que se eliminen o bloqueen sus Datos Personales, en su caso, cuando los haya \nproporcionado voluntariamente o se usen para comunicaciones comerciales y no desee \ncontinuar figurando en el registro respectivo, sea de modo definitivo o temporal;\nv) a oponerse a la utilizaci\u00f3n de sus Datos Personales con fines de publicidad, investigaci\u00f3n \nde mercado o encuestas de opini\u00f3n;\nvi) a revocar su consentimiento para el tratamiento de sus Datos Personales en todo \nmomento con efecto para el futuro; en este caso, el uso posterior de la App no es posible. \nVersi\u00f3n de fecha 22\/05\/2023\t\t\t\t\t\t\t\t<\/div>\n\t\t\t\t<\/div>\n\t\t\t\t<\/div>\n\t\t\t\t\t<\/div>\n\t\t\t\t<\/div>\n\t\t\t\t<\/div>\n\t\t","protected":false},"excerpt":{"rendered":"<p>POL\u00cdTICA DE PRIVACIDAD SITIO WEB BTALENTSTAR.COM Por favor lea atentamente la siguiente Pol\u00edtica de Privacidad relativa al uso del sitio de www.btalenstar.com, antes de usarla. La presente Pol\u00edtica de Privacidad regula el tratamiento de los Datos Personales del Usuario del sitio web, independientemente de su ubicaci\u00f3n. Adem\u00e1s, se aplican las normas adicionales o diferentes indicadas&#8230;<\/p>\n","protected":false},"author":2,"featured_media":0,"parent":0,"menu_order":0,"comment_status":"closed","ping_status":"closed","template":"","meta":{"_acf_changed":false,"_kad_post_transparent":"","_kad_post_title":"","_kad_post_layout":"","_kad_post_sidebar_id":"","_kad_post_content_style":"","_kad_post_vertical_padding":"","_kad_post_feature":"","_kad_post_feature_position":"","_kad_post_header":false,"_kad_post_footer":false,"footnotes":""},"class_list":["post-798","page","type-page","status-publish","hentry"],"acf":[],"aioseo_notices":[],"_links":{"self":[{"href":"https:\/\/btalentstar.com\/ar\/wp-json\/wp\/v2\/pages\/798","targetHints":{"allow":["GET"]}}],"collection":[{"href":"https:\/\/btalentstar.com\/ar\/wp-json\/wp\/v2\/pages"}],"about":[{"href":"https:\/\/btalentstar.com\/ar\/wp-json\/wp\/v2\/types\/page"}],"author":[{"embeddable":true,"href":"https:\/\/btalentstar.com\/ar\/wp-json\/wp\/v2\/users\/2"}],"replies":[{"embeddable":true,"href":"https:\/\/btalentstar.com\/ar\/wp-json\/wp\/v2\/comments?post=798"}],"version-history":[{"count":8,"href":"https:\/\/btalentstar.com\/ar\/wp-json\/wp\/v2\/pages\/798\/revisions"}],"predecessor-version":[{"id":812,"href":"https:\/\/btalentstar.com\/ar\/wp-json\/wp\/v2\/pages\/798\/revisions\/812"}],"wp:attachment":[{"href":"https:\/\/btalentstar.com\/ar\/wp-json\/wp\/v2\/media?parent=798"}],"curies":[{"name":"wp","href":"https:\/\/api.w.org\/{rel}","templated":true}]}}